{"id":22,"date":"2018-10-25T12:18:52","date_gmt":"2018-10-25T12:18:52","guid":{"rendered":"http:\/\/dasgrossekleinehaus.de\/?page_id=22"},"modified":"2025-08-08T10:00:32","modified_gmt":"2025-08-08T10:00:32","slug":"ueber-uns","status":"publish","type":"page","link":"https:\/\/dasgrossekleinehaus.de\/?page_id=22","title":{"rendered":"Impressum"},"content":{"rendered":"<p>Verantwortlich f\u00fcr den Inhalt der Website ist die Genossenschaft:<\/p>\n<p><img loading=\"lazy\" decoding=\"async\" class=\"wp-image-56 alignnone\" src=\"https:\/\/dasgrossekleinehaus.de\/wp-content\/uploads\/2018\/10\/DgkH_Logo-1-300x198.png\" alt=\"\" width=\"148\" height=\"98\" srcset=\"https:\/\/dasgrossekleinehaus.de\/wp-content\/uploads\/2018\/10\/DgkH_Logo-1-300x198.png 300w, https:\/\/dasgrossekleinehaus.de\/wp-content\/uploads\/2018\/10\/DgkH_Logo-1.png 389w\" sizes=\"auto, (max-width: 148px) 100vw, 148px\" \/><\/p>\n<p><strong>Das gro\u00dfe kleine Haus eG<\/strong><br \/>\n<strong>Schulstra\u00dfe 5<\/strong><br \/>\n<strong>80634 M\u00fcnchen<\/strong><\/p>\n<p>Vorstand:<br \/>\nMartin Aichner, Rainer Hofmann, Julius Klaffke, Carina M\u00fcller, Andreas Krauth, Jana Semmlin, Matthias Th\u00f6nnissen<\/p>\n<p>Mitglieder des Aufsichtsrats:<br \/>\nClemens Dreyer, Urs Kumberger, Anna-Maria Meister, Gundi Metzner-Dinse, Verena Schmidt, Christian Siebert<\/p>\n<p>Vorsitzender des Aufsichtsrats:<br \/>\nClemens Dreyer<\/p>\n<p><strong>www.dasgrossekleinehaus.de<\/strong><br \/>\n<strong>info(at)dasgrossekleinehaus.de<\/strong><\/p>\n<p>Genossenschaftsregister des Amtsgerichts Mu\u0308nchen:<br \/>\nNr. 2689<\/p>\n<p><strong>Pr\u00fcfverband<\/strong><\/p>\n<p>VDW Bayern<br \/>\nVerband bayerischer Wohnungsunternehmen<br \/>\n(Baugenossenschaften und -gesellschaften) e.V.<br \/>\nStollbergstr. 7<br \/>\n80539 M\u00fcnchen<\/p>\n<p><a href=\"https:\/\/www.vdwbayern.de\/\">https:\/\/www.vdwbayern.de<\/a><\/p>\n<p><strong>Mitgliedschaften<\/strong><\/p>\n<p>Das gro\u00dfe kleine Haus eG ist Mitglied bei:<\/p>\n<p>GIMA M\u00fcnchen eG<br \/>\n<a href=\"https:\/\/www.gima-muenchen.de\/\">https:\/\/www.gima-muenchen.de\/<\/a><\/p>\n<p>B\u00fcndnis Junge Genossenschaften Berlin<br \/>\n<a href=\"https:\/\/junge-genossenschaften.berlin\/\">https:\/\/junge-genossenschaften.berlin\/<\/a><\/p>\n<p><strong>Hinweise<\/strong><\/p>\n<p>Der Inhalt der Website wurde von der Genossenschaft Das gro\u00dfe kleine Haus eG sorgf\u00e4ltig bearbeitet und gepr\u00fcft. Das gro\u00dfe kleine Haus eG \u00fcbernimmt jedoch keine Gew\u00e4hr f\u00fcr Richtigkeit, Vollst\u00e4ndigkeit und Aktualit\u00e4t der bereitgestellten Informationen. Sofern durch &#8222;Links&#8220; auf fremde Internetseiten verwiesen wird, ist Das gro\u00dfe kleine Haus eG f\u00fcr den Inhalt der Seiten nicht verantwortlich. Wir behalten uns das Recht vor, Aktualisierungen und \u00c4nderungen an den bereitgestellten Informationen ohne vorherige Ank\u00fcndigung zu ver\u00e4ndern, zu erg\u00e4nzen und zu l\u00f6schen.<\/p>\n<p><strong>Urheberrecht<\/strong><\/p>\n<p>Das gro\u00dfe kleine Haus eG ist bestrebt, in allen Informationen geltende Urheberrechte zu beachten. Sollte es trotzdem zu einer Urheberrechtsverletzung kommen, wird Das gro\u00dfe kleine Haus eG das entsprechende Objekt von seiner Website entfernen bzw. mit dem entsprechenden Urheberrecht kenntlich machen. Soweit nicht anders angegeben liegen die Rechte bei Das gro\u00dfe kleine Haus eG. Die Vervielf\u00e4ltigung, Bearbeitung, Verbreitung und jede Art der Verwertung der dargestellten Fotos, Grafiken und Bilder bed\u00fcrfen der Zustimmung des jeweiligen Autors bzw. Erstellers und Ber\u00fccksichtigung der Quelle.<\/p>\n","protected":false},"excerpt":{"rendered":"<p>Verantwortlich f\u00fcr den Inhalt der Website ist die Genossenschaft: Das gro\u00dfe kleine Haus eG Schulstra\u00dfe 5 80634 M\u00fcnchen Vorstand: Martin Aichner, Rainer Hofmann, Julius Klaffke, Carina M\u00fcller, Andreas Krauth, Jana Semmlin, Matthias Th\u00f6nnissen Mitglieder des Aufsichtsrats: Clemens Dreyer, Urs Kumberger, Anna-Maria Meister, Gundi Metzner-Dinse, Verena Schmidt, Christian Siebert Vorsitzender des Aufsichtsrats: Clemens Dreyer www.dasgrossekleinehaus.de info(at)dasgrossekleinehaus.de [&hellip;]<\/p>\n","protected":false},"author":1,"featured_media":0,"parent":0,"menu_order":4,"comment_status":"closed","ping_status":"closed","template":"","meta":{"footnotes":""},"class_list":["post-22","page","type-page","status-publish","hentry"],"_links":{"self":[{"href":"https:\/\/dasgrossekleinehaus.de\/index.php?rest_route=\/wp\/v2\/pages\/22","targetHints":{"allow":["GET"]}}],"collection":[{"href":"https:\/\/dasgrossekleinehaus.de\/index.php?rest_route=\/wp\/v2\/pages"}],"about":[{"href":"https:\/\/dasgrossekleinehaus.de\/index.php?rest_route=\/wp\/v2\/types\/page"}],"author":[{"embeddable":true,"href":"https:\/\/dasgrossekleinehaus.de\/index.php?rest_route=\/wp\/v2\/users\/1"}],"replies":[{"embeddable":true,"href":"https:\/\/dasgrossekleinehaus.de\/index.php?rest_route=%2Fwp%2Fv2%2Fcomments&post=22"}],"version-history":[{"count":19,"href":"https:\/\/dasgrossekleinehaus.de\/index.php?rest_route=\/wp\/v2\/pages\/22\/revisions"}],"predecessor-version":[{"id":369,"href":"https:\/\/dasgrossekleinehaus.de\/index.php?rest_route=\/wp\/v2\/pages\/22\/revisions\/369"}],"wp:attachment":[{"href":"https:\/\/dasgrossekleinehaus.de\/index.php?rest_route=%2Fwp%2Fv2%2Fmedia&parent=22"}],"curies":[{"name":"wp","href":"https:\/\/api.w.org\/{rel}","templated":true}]}}