{"id":265,"date":"2018-09-28T10:16:00","date_gmt":"2018-09-28T10:16:00","guid":{"rendered":"https:\/\/dasgrossekleinehaus.de\/?page_id=265"},"modified":"2022-01-28T10:26:18","modified_gmt":"2022-01-28T10:26:18","slug":"mitglied-werden-2","status":"publish","type":"page","link":"https:\/\/dasgrossekleinehaus.de\/?page_id=265","title":{"rendered":"Mitglied werden"},"content":{"rendered":"\n<p><strong>Derzeit nimmt Das gro\u00dfe kleine Haus eG auf Beschluss von Vorstand und Aufsichtsrat keine neuen Mitglieder mehr auf. <\/strong><\/p>\n\n\n\n<p>Das gro\u00dfe kleine Haus eG ist eine sehr junge Genossenschaft. Mit Ende 2021 haben wir bereits \u00fcber 70 Mitglieder. Dem gegen\u00fcber steht aktuell aber nur ein Bauprojekt in Planung mit ca. 30 Nutzungseinheiten. Daher haben wir die Aufnahme von neuen Mitgliedern bis auf weiteres gestoppt.<\/p>\n\n\n\n<p>In Einzelf\u00e4llen kann der Vorstand der Aufnahme von neuen Mitgliedern zustimmen, wie z.B. bei der Belegung von \u00f6ffentlich gef\u00f6rderten Wohnungen (MMG), gewerblich genutzten Einheiten oder zur Aufnahme einer Projektgruppe bei neuen Wohnprojekten.<\/p>\n","protected":false},"excerpt":{"rendered":"<p>Derzeit nimmt Das gro\u00dfe kleine Haus eG auf Beschluss von Vorstand und Aufsichtsrat keine neuen Mitglieder mehr auf. Das gro\u00dfe kleine Haus eG ist eine sehr junge Genossenschaft. Mit Ende 2021 haben wir bereits \u00fcber 70 Mitglieder. Dem gegen\u00fcber steht aktuell aber nur ein Bauprojekt in Planung mit ca. 30 Nutzungseinheiten. Daher haben wir die [&hellip;]<\/p>\n","protected":false},"author":1,"featured_media":0,"parent":0,"menu_order":3,"comment_status":"closed","ping_status":"closed","template":"","meta":{"footnotes":""},"class_list":["post-265","page","type-page","status-publish","hentry"],"_links":{"self":[{"href":"https:\/\/dasgrossekleinehaus.de\/index.php?rest_route=\/wp\/v2\/pages\/265","targetHints":{"allow":["GET"]}}],"collection":[{"href":"https:\/\/dasgrossekleinehaus.de\/index.php?rest_route=\/wp\/v2\/pages"}],"about":[{"href":"https:\/\/dasgrossekleinehaus.de\/index.php?rest_route=\/wp\/v2\/types\/page"}],"author":[{"embeddable":true,"href":"https:\/\/dasgrossekleinehaus.de\/index.php?rest_route=\/wp\/v2\/users\/1"}],"replies":[{"embeddable":true,"href":"https:\/\/dasgrossekleinehaus.de\/index.php?rest_route=%2Fwp%2Fv2%2Fcomments&post=265"}],"version-history":[{"count":1,"href":"https:\/\/dasgrossekleinehaus.de\/index.php?rest_route=\/wp\/v2\/pages\/265\/revisions"}],"predecessor-version":[{"id":266,"href":"https:\/\/dasgrossekleinehaus.de\/index.php?rest_route=\/wp\/v2\/pages\/265\/revisions\/266"}],"wp:attachment":[{"href":"https:\/\/dasgrossekleinehaus.de\/index.php?rest_route=%2Fwp%2Fv2%2Fmedia&parent=265"}],"curies":[{"name":"wp","href":"https:\/\/api.w.org\/{rel}","templated":true}]}}